{"id":4526,"date":"2023-06-11T16:25:11","date_gmt":"2023-06-11T21:25:11","guid":{"rendered":"https:\/\/ceadalivium.com\/pain-relief-specialists\/"},"modified":"2026-01-07T12:54:25","modified_gmt":"2026-01-07T17:54:25","slug":"pain-relief-specialists","status":"publish","type":"page","link":"https:\/\/ceadalivium.com\/en\/pain-relief-specialists\/","title":{"rendered":"Pain Relief Specialists"},"content":{"rendered":"<div class=\"wpb-content-wrapper\"><p>[vc_row css=&#8221;.vc_custom_1686520441319{padding-top: -10px !important;padding-bottom: -10px !important;}&#8221;][vc_column width=&#8221;1\/3&#8243;][vc_single_image image=&#8221;4259&#8243; img_size=&#8221;571&#215;571&#8243; alignment=&#8221;center&#8221;]<div id=\"ultimate-heading-274869d616fd53c96\" class=\"uvc-heading ult-adjust-bottom-margin ultimate-heading-274869d616fd53c96 uvc-7803 \" data-hspacer=\"no_spacer\"  data-halign=\"center\" style=\"text-align:center\"><div class=\"uvc-heading-spacer no_spacer\" style=\"top\"><\/div><div class=\"uvc-main-heading ult-responsive\"  data-ultimate-target='.uvc-heading.ultimate-heading-274869d616fd53c96 h2'  data-responsive-json-new='{\"font-size\":\"desktop:20px;\",\"line-height\":\"desktop:30px;\"}' ><h2 style=\"font-weight:bold;\">Frantz Colim\u00f3n G\u00f3mez<\/h2><\/div><div class=\"uvc-sub-heading ult-responsive\"  data-ultimate-target='.uvc-heading.ultimate-heading-274869d616fd53c96 .uvc-sub-heading '  data-responsive-json-new='{\"font-size\":\"desktop:14px;\",\"line-height\":\"desktop:24px;\"}'  style=\"font-weight:normal;\">Medical Surgeon Specialist in Anesthesiology Specialist in Pain and Palliative Care<\/div><\/div>[vc_empty_space height=&#8221;16px&#8221;][vc_btn title=&#8221;See More&#8221; color=&#8221;primary&#8221; size=&#8221;sm&#8221; align=&#8221;center&#8221; css=&#8221;&#8221; link=&#8221;url:https%3A%2F%2Fceadalivium.com%2Fen%2Fschedule-an-appointment%2Ffrantz-colimon-gomez%2F|&#8221;][\/vc_column][vc_column width=&#8221;1\/3&#8243;][vc_single_image image=&#8221;4260&#8243; img_size=&#8221;571&#215;571&#8243; alignment=&#8221;center&#8221;]<div id=\"ultimate-heading-969469d616fd53da6\" class=\"uvc-heading ult-adjust-bottom-margin ultimate-heading-969469d616fd53da6 uvc-4993 \" data-hspacer=\"no_spacer\"  data-halign=\"center\" style=\"text-align:center\"><div class=\"uvc-heading-spacer no_spacer\" style=\"top\"><\/div><div class=\"uvc-main-heading ult-responsive\"  data-ultimate-target='.uvc-heading.ultimate-heading-969469d616fd53da6 h2'  data-responsive-json-new='{\"font-size\":\"desktop:20px;\",\"line-height\":\"desktop:30px;\"}' ><h2 style=\"font-weight:bold;\">Sandra Milena Molina Giraldo<\/h2><\/div><div class=\"uvc-sub-heading ult-responsive\"  data-ultimate-target='.uvc-heading.ultimate-heading-969469d616fd53da6 .uvc-sub-heading '  data-responsive-json-new='{\"font-size\":\"desktop:14px;\",\"line-height\":\"desktop:24px;\"}'  style=\"font-weight:normal;\">Surgeon Specialist in Pain and Palliative Care.<\/div><\/div>[vc_empty_space][vc_btn title=&#8221;See More&#8221; color=&#8221;primary&#8221; size=&#8221;sm&#8221; align=&#8221;center&#8221; css=&#8221;&#8221; link=&#8221;url:https%3A%2F%2Fceadalivium.com%2Fen%2Fschedule-an-appointment%2Fsandra-milena-molina-giraldo%2F|&#8221;][\/vc_column][vc_column width=&#8221;1\/3&#8243;][vc_single_image image=&#8221;4402&#8243; img_size=&#8221;571&#215;571&#8243; alignment=&#8221;center&#8221; css=&#8221;&#8221;]<div id=\"ultimate-heading-914769d616fd53e75\" class=\"uvc-heading ult-adjust-bottom-margin ultimate-heading-914769d616fd53e75 uvc-4872 \" data-hspacer=\"no_spacer\"  data-halign=\"center\" style=\"text-align:center\"><div class=\"uvc-heading-spacer no_spacer\" style=\"top\"><\/div><div class=\"uvc-main-heading ult-responsive\"  data-ultimate-target='.uvc-heading.ultimate-heading-914769d616fd53e75 h2'  data-responsive-json-new='{\"font-size\":\"desktop:20px;\",\"line-height\":\"desktop:30px;\"}' ><h2 style=\"font-weight:bold;\">Dr. Jes\u00fas David Miranda<\/h2><\/div><div class=\"uvc-sub-heading ult-responsive\"  data-ultimate-target='.uvc-heading.ultimate-heading-914769d616fd53e75 .uvc-sub-heading '  data-responsive-json-new='{\"font-size\":\"desktop:14px;\",\"line-height\":\"desktop:24px;\"}'  style=\"font-weight:normal;\">Specialist in pain medicine<\/div><\/div>[vc_empty_space][vc_btn title=&#8221;See More&#8221; color=&#8221;primary&#8221; size=&#8221;sm&#8221; align=&#8221;center&#8221; css=&#8221;&#8221; link=&#8221;url:https%3A%2F%2Fceadalivium.com%2Fen%2Fdr-jesus-david-miranda%2F|&#8221;][\/vc_column][\/vc_row][vc_row][vc_column][vc_empty_space height=&#8221;64px&#8221;][\/vc_column][\/vc_row][vc_row][vc_column width=&#8221;1\/3&#8243;][vc_single_image image=&#8221;5855&#8243; img_size=&#8221;571&#215;571&#8243; alignment=&#8221;center&#8221; css=&#8221;&#8221;]<div id=\"ultimate-heading-567469d616fd53f3e\" class=\"uvc-heading ult-adjust-bottom-margin ultimate-heading-567469d616fd53f3e uvc-2470 \" data-hspacer=\"no_spacer\"  data-halign=\"center\" style=\"text-align:center\"><div class=\"uvc-heading-spacer no_spacer\" style=\"top\"><\/div><div class=\"uvc-main-heading ult-responsive\"  data-ultimate-target='.uvc-heading.ultimate-heading-567469d616fd53f3e h2'  data-responsive-json-new='{\"font-size\":\"desktop:20px;\",\"line-height\":\"desktop:30px;\"}' ><h2 style=\"font-weight:bold;\">Dr. Catalina Salazar Arroyave<\/h2><\/div><div class=\"uvc-sub-heading ult-responsive\"  data-ultimate-target='.uvc-heading.ultimate-heading-567469d616fd53f3e .uvc-sub-heading '  data-responsive-json-new='{\"font-size\":\"desktop:14px;\",\"line-height\":\"desktop:24px;\"}'  style=\"font-weight:normal;\"><\/p>\n<div id=\"ultimate-heading-1368670eb42b4f188\" class=\"uvc-heading ult-adjust-bottom-margin ultimate-heading-1368670eb42b4f188 uvc-5793 uvc-heading-default-font-sizes\" data-hspacer=\"no_spacer\" data-halign=\"left\">\n<div class=\"uvc-sub-heading ult-responsive\" data-ultimate-target=\".uvc-heading.ultimate-heading-1368670eb42b4f188 .uvc-sub-heading \" data-responsive-json-new=\"{\">\n<div class=\"elementor-element elementor-element-17b63b6 elementor-widget elementor-widget-text-editor\" data-id=\"17b63b6\" data-element_type=\"widget\" data-widget_type=\"text-editor.default\">\n<div class=\"elementor-widget-container\">\n<div class=\"elementor-element elementor-element-17b63b6 elementor-widget elementor-widget-text-editor\" data-id=\"17b63b6\" data-element_type=\"widget\" data-widget_type=\"text-editor.default\">\n<div class=\"elementor-widget-container\">\n<div class=\"elementor-element elementor-element-17b63b6 elementor-widget elementor-widget-text-editor\" data-id=\"17b63b6\" data-element_type=\"widget\" data-widget_type=\"text-editor.default\">\n<div class=\"elementor-widget-container\">\n<div class=\"elementor-element elementor-element-17b63b6 elementor-widget elementor-widget-text-editor\" data-id=\"17b63b6\" data-element_type=\"widget\" data-widget_type=\"text-editor.default\">\n<div class=\"elementor-widget-container\">\n<p>Specialist in Alternative Therapeutics and Plant Pharmacology.<\/p>\n<\/div>\n<\/div>\n<\/div>\n<\/div>\n<\/div>\n<\/div>\n<\/div>\n<\/div>\n<\/div>\n<\/div>\n<p><\/div><\/div>[vc_empty_space height=&#8221;16px&#8221;][vc_btn title=&#8221;See More&#8221; color=&#8221;primary&#8221; size=&#8221;sm&#8221; align=&#8221;center&#8221; css=&#8221;&#8221; link=&#8221;url:https%3A%2F%2Fceadalivium.com%2Fen%2Fdr-erick-pena-perez%2F|&#8221;][\/vc_column][vc_column width=&#8221;1\/3&#8243;][vc_single_image image=&#8221;5853&#8243; img_size=&#8221;571&#215;571&#8243; alignment=&#8221;center&#8221; css=&#8221;&#8221;]<div id=\"ultimate-heading-431769d616fd54002\" class=\"uvc-heading ult-adjust-bottom-margin ultimate-heading-431769d616fd54002 uvc-4027 \" data-hspacer=\"no_spacer\"  data-halign=\"center\" style=\"text-align:center\"><div class=\"uvc-heading-spacer no_spacer\" style=\"top\"><\/div><div class=\"uvc-main-heading ult-responsive\"  data-ultimate-target='.uvc-heading.ultimate-heading-431769d616fd54002 h2'  data-responsive-json-new='{\"font-size\":\"desktop:20px;\",\"line-height\":\"desktop:30px;\"}' ><h2 style=\"font-weight:bold;\">Dr. Roberto El\u00edas Gonz\u00e1lez flores<\/h2><\/div><div class=\"uvc-sub-heading ult-responsive\"  data-ultimate-target='.uvc-heading.ultimate-heading-431769d616fd54002 .uvc-sub-heading '  data-responsive-json-new='{\"font-size\":\"desktop:14px;\",\"line-height\":\"desktop:24px;\"}'  style=\"font-weight:normal;\">Specialist in Anesthesiology.<\/div><\/div>[vc_empty_space][vc_btn title=&#8221;See More&#8221; color=&#8221;primary&#8221; size=&#8221;sm&#8221; align=&#8221;center&#8221; css=&#8221;&#8221; link=&#8221;url:https%3A%2F%2Fceadalivium.com%2Fdr-roberto-elias-2%2F%3Fpreview_id%3D5864%26preview_nonce%3Df3e70b3a99%26_thumbnail_id%3D-1%26preview%3Dtrue|&#8221;][\/vc_column][vc_column width=&#8221;1\/3&#8243;][vc_single_image image=&#8221;5857&#8243; img_size=&#8221;571&#215;571&#8243; alignment=&#8221;center&#8221; css=&#8221;&#8221;]<div id=\"ultimate-heading-324869d616fd540c6\" class=\"uvc-heading ult-adjust-bottom-margin ultimate-heading-324869d616fd540c6 uvc-7835 \" data-hspacer=\"no_spacer\"  data-halign=\"center\" style=\"text-align:center\"><div class=\"uvc-heading-spacer no_spacer\" style=\"top\"><\/div><div class=\"uvc-main-heading ult-responsive\"  data-ultimate-target='.uvc-heading.ultimate-heading-324869d616fd540c6 h2'  data-responsive-json-new='{\"font-size\":\"desktop:20px;\",\"line-height\":\"desktop:30px;\"}' ><h2 style=\"font-weight:bold;\">Dr. Nora Marcela Mendoza Serna<\/h2><\/div><div class=\"uvc-sub-heading ult-responsive\"  data-ultimate-target='.uvc-heading.ultimate-heading-324869d616fd540c6 .uvc-sub-heading '  data-responsive-json-new='{\"font-size\":\"desktop:14px;\",\"line-height\":\"desktop:24px;\"}'  style=\"font-weight:normal;\">Anesthesiologist.<\/div><\/div>[vc_empty_space][vc_btn title=&#8221;See More&#8221; color=&#8221;primary&#8221; size=&#8221;sm&#8221; align=&#8221;center&#8221; css=&#8221;&#8221; link=&#8221;url:https%3A%2F%2Fceadalivium.com%2Fen%2Fdr-ludwing-orlando-lozano-munoz%2F|&#8221;][\/vc_column][\/vc_row][vc_row][vc_column][vc_empty_space height=&#8221;64px&#8221;][\/vc_column][\/vc_row][vc_row][vc_column width=&#8221;1\/3&#8243;][vc_single_image image=&#8221;4396&#8243; img_size=&#8221;571&#215;571&#8243; alignment=&#8221;center&#8221; css=&#8221;&#8221;]<div id=\"ultimate-heading-271569d616fd541a5\" class=\"uvc-heading ult-adjust-bottom-margin ultimate-heading-271569d616fd541a5 uvc-7938 \" data-hspacer=\"no_spacer\"  data-halign=\"center\" style=\"text-align:center\"><div class=\"uvc-heading-spacer no_spacer\" style=\"top\"><\/div><div class=\"uvc-main-heading ult-responsive\"  data-ultimate-target='.uvc-heading.ultimate-heading-271569d616fd541a5 h2'  data-responsive-json-new='{\"font-size\":\"desktop:20px;\",\"line-height\":\"desktop:30px;\"}' ><h2 style=\"font-weight:bold;\">Dr. Erick Pe\u00f1a P\u00e9rez<\/h2><\/div><div class=\"uvc-sub-heading ult-responsive\"  data-ultimate-target='.uvc-heading.ultimate-heading-271569d616fd541a5 .uvc-sub-heading '  data-responsive-json-new='{\"font-size\":\"desktop:14px;\",\"line-height\":\"desktop:24px;\"}'  style=\"font-weight:normal;\"><\/p>\n<div id=\"ultimate-heading-1368670eb42b4f188\" class=\"uvc-heading ult-adjust-bottom-margin ultimate-heading-1368670eb42b4f188 uvc-5793 uvc-heading-default-font-sizes\" data-hspacer=\"no_spacer\" data-halign=\"left\">\n<div class=\"uvc-sub-heading ult-responsive\" data-ultimate-target=\".uvc-heading.ultimate-heading-1368670eb42b4f188 .uvc-sub-heading \" data-responsive-json-new=\"{\">\n<div class=\"elementor-element elementor-element-17b63b6 elementor-widget elementor-widget-text-editor\" data-id=\"17b63b6\" data-element_type=\"widget\" data-widget_type=\"text-editor.default\">\n<div class=\"elementor-widget-container\">\n<div class=\"elementor-element elementor-element-17b63b6 elementor-widget elementor-widget-text-editor\" data-id=\"17b63b6\" data-element_type=\"widget\" data-widget_type=\"text-editor.default\">\n<div class=\"elementor-widget-container\">\n<div class=\"elementor-element elementor-element-17b63b6 elementor-widget elementor-widget-text-editor\" data-id=\"17b63b6\" data-element_type=\"widget\" data-widget_type=\"text-editor.default\">\n<div class=\"elementor-widget-container\">\n<div class=\"elementor-element elementor-element-17b63b6 elementor-widget elementor-widget-text-editor\" data-id=\"17b63b6\" data-element_type=\"widget\" data-widget_type=\"text-editor.default\">\n<div class=\"elementor-widget-container\">\n<p>Medical specialist in neurosurgery<\/p>\n<\/div>\n<\/div>\n<\/div>\n<\/div>\n<\/div>\n<\/div>\n<\/div>\n<\/div>\n<\/div>\n<\/div>\n<p><\/div><\/div>[vc_empty_space height=&#8221;16px&#8221;][vc_btn title=&#8221;See More&#8221; color=&#8221;primary&#8221; size=&#8221;sm&#8221; align=&#8221;center&#8221; css=&#8221;&#8221; link=&#8221;url:https%3A%2F%2Fceadalivium.com%2Fen%2Fdr-erick-pena-perez%2F|&#8221;][\/vc_column][vc_column width=&#8221;1\/3&#8243;][vc_single_image image=&#8221;4397&#8243; img_size=&#8221;571&#215;571&#8243; alignment=&#8221;center&#8221; css=&#8221;&#8221;]<div id=\"ultimate-heading-413869d616fd54268\" class=\"uvc-heading ult-adjust-bottom-margin ultimate-heading-413869d616fd54268 uvc-4790 \" data-hspacer=\"no_spacer\"  data-halign=\"center\" style=\"text-align:center\"><div class=\"uvc-heading-spacer no_spacer\" style=\"top\"><\/div><div class=\"uvc-main-heading ult-responsive\"  data-ultimate-target='.uvc-heading.ultimate-heading-413869d616fd54268 h2'  data-responsive-json-new='{\"font-size\":\"desktop:20px;\",\"line-height\":\"desktop:30px;\"}' ><h2 style=\"font-weight:bold;\">Dr. Natalia Arroyave Gomez<\/h2><\/div><div class=\"uvc-sub-heading ult-responsive\"  data-ultimate-target='.uvc-heading.ultimate-heading-413869d616fd54268 .uvc-sub-heading '  data-responsive-json-new='{\"font-size\":\"desktop:14px;\",\"line-height\":\"desktop:24px;\"}'  style=\"font-weight:normal;\">Specialist in physical medicine and rehabilitation<\/div><\/div>[vc_empty_space][vc_btn title=&#8221;See More&#8221; color=&#8221;primary&#8221; size=&#8221;sm&#8221; align=&#8221;center&#8221; css=&#8221;&#8221; link=&#8221;url:%2Fdra-natalia-arroyave-gomez%2F%3Fpreview%3Dtrue|&#8221;][\/vc_column][vc_column width=&#8221;1\/3&#8243;][vc_single_image image=&#8221;4398&#8243; img_size=&#8221;571&#215;571&#8243; alignment=&#8221;center&#8221; css=&#8221;&#8221;]<div id=\"ultimate-heading-560869d616fd5432e\" class=\"uvc-heading ult-adjust-bottom-margin ultimate-heading-560869d616fd5432e uvc-2892 \" data-hspacer=\"no_spacer\"  data-halign=\"center\" style=\"text-align:center\"><div class=\"uvc-heading-spacer no_spacer\" style=\"top\"><\/div><div class=\"uvc-main-heading ult-responsive\"  data-ultimate-target='.uvc-heading.ultimate-heading-560869d616fd5432e h2'  data-responsive-json-new='{\"font-size\":\"desktop:20px;\",\"line-height\":\"desktop:30px;\"}' ><h2 style=\"font-weight:bold;\">Dr. Ludwing Orlando Lozano Mu\u00f1oz<\/h2><\/div><div class=\"uvc-sub-heading ult-responsive\"  data-ultimate-target='.uvc-heading.ultimate-heading-560869d616fd5432e .uvc-sub-heading '  data-responsive-json-new='{\"font-size\":\"desktop:14px;\",\"line-height\":\"desktop:24px;\"}'  style=\"font-weight:normal;\">Specialist in medicine applied to physical activity and sports.<\/div><\/div>[vc_empty_space][vc_btn title=&#8221;See More&#8221; color=&#8221;primary&#8221; size=&#8221;sm&#8221; align=&#8221;center&#8221; css=&#8221;&#8221; link=&#8221;url:https%3A%2F%2Fceadalivium.com%2Fen%2Fdr-ludwing-orlando-lozano-munoz%2F|&#8221;][\/vc_column][\/vc_row][vc_row][vc_column][vc_empty_space height=&#8221;64px&#8221;][\/vc_column][\/vc_row][vc_row][vc_column width=&#8221;1\/3&#8243;][vc_single_image image=&#8221;4400&#8243; img_size=&#8221;571&#215;571&#8243; alignment=&#8221;center&#8221; css=&#8221;&#8221;]<div id=\"ultimate-heading-483669d616fd543fa\" class=\"uvc-heading ult-adjust-bottom-margin ultimate-heading-483669d616fd543fa uvc-8985 \" data-hspacer=\"no_spacer\"  data-halign=\"center\" style=\"text-align:center\"><div class=\"uvc-heading-spacer no_spacer\" style=\"top\"><\/div><div class=\"uvc-main-heading ult-responsive\"  data-ultimate-target='.uvc-heading.ultimate-heading-483669d616fd543fa h2'  data-responsive-json-new='{\"font-size\":\"desktop:20px;\",\"line-height\":\"desktop:30px;\"}' ><h2 style=\"font-weight:bold;\">Dr Sandra Mar\u00eda Colim\u00f3n G\u00f3mez<\/h2><\/div><div class=\"uvc-sub-heading ult-responsive\"  data-ultimate-target='.uvc-heading.ultimate-heading-483669d616fd543fa .uvc-sub-heading '  data-responsive-json-new='{\"font-size\":\"desktop:14px;\",\"line-height\":\"desktop:24px;\"}'  style=\"font-weight:normal;\">Specialist in psychiatry<\/div><\/div>[vc_empty_space][vc_btn title=&#8221;See More&#8221; color=&#8221;primary&#8221; size=&#8221;sm&#8221; align=&#8221;center&#8221; css=&#8221;&#8221; link=&#8221;url:https%3A%2F%2Fceadalivium.com%2Fen%2Fdr-sandra-maria-colimon-gomez%2F|&#8221;][\/vc_column][vc_column width=&#8221;1\/3&#8243;][vc_single_image image=&#8221;4265&#8243; img_size=&#8221;571&#215;571&#8243; alignment=&#8221;center&#8221;]<div id=\"ultimate-heading-308269d616fd544b9\" class=\"uvc-heading ult-adjust-bottom-margin ultimate-heading-308269d616fd544b9 uvc-3853 \" data-hspacer=\"no_spacer\"  data-halign=\"center\" style=\"text-align:center\"><div class=\"uvc-heading-spacer no_spacer\" style=\"top\"><\/div><div class=\"uvc-main-heading ult-responsive\"  data-ultimate-target='.uvc-heading.ultimate-heading-308269d616fd544b9 h2'  data-responsive-json-new='{\"font-size\":\"desktop:20px;\",\"line-height\":\"desktop:30px;\"}' ><h2 style=\"font-weight:bold;\">Juliana Serna Gutierrez<\/h2><\/div><div class=\"uvc-sub-heading ult-responsive\"  data-ultimate-target='.uvc-heading.ultimate-heading-308269d616fd544b9 .uvc-sub-heading '  data-responsive-json-new='{\"font-size\":\"desktop:14px;\",\"line-height\":\"desktop:24px;\"}'  style=\"font-weight:normal;\">Physician &#8211; Anesthesiologist Specialist Pain and Palliative Care University.<\/div><\/div>[vc_empty_space height=&#8221;16px&#8221;][vc_btn title=&#8221;See More&#8221; color=&#8221;primary&#8221; size=&#8221;sm&#8221; align=&#8221;center&#8221; css=&#8221;&#8221; link=&#8221;url:https%3A%2F%2Fceadalivium.com%2Fen%2Fschedule-an-appointment%2Fjuliana-serna-gutierrez%2F|&#8221;][\/vc_column][vc_column width=&#8221;1\/3&#8243;][vc_single_image image=&#8221;4263&#8243; img_size=&#8221;571&#215;571&#8243; alignment=&#8221;center&#8221;]<div id=\"ultimate-heading-316969d616fd54576\" class=\"uvc-heading ult-adjust-bottom-margin ultimate-heading-316969d616fd54576 uvc-7433 \" data-hspacer=\"no_spacer\"  data-halign=\"center\" style=\"text-align:center\"><div class=\"uvc-heading-spacer no_spacer\" style=\"top\"><\/div><div class=\"uvc-main-heading ult-responsive\"  data-ultimate-target='.uvc-heading.ultimate-heading-316969d616fd54576 h2'  data-responsive-json-new='{\"font-size\":\"desktop:20px;\",\"line-height\":\"desktop:30px;\"}' ><h2 style=\"font-weight:bold;\">Roland Alexander Ayala Ospina<\/h2><\/div><div class=\"uvc-sub-heading ult-responsive\"  data-ultimate-target='.uvc-heading.ultimate-heading-316969d616fd54576 .uvc-sub-heading '  data-responsive-json-new='{\"font-size\":\"desktop:14px;\",\"line-height\":\"desktop:24px;\"}'  style=\"font-weight:normal;\">Medical Surgeon Specialist in Pain and Palliative Care<\/div><\/div>[vc_empty_space][vc_btn title=&#8221;See More&#8221; color=&#8221;primary&#8221; size=&#8221;sm&#8221; align=&#8221;center&#8221; css=&#8221;&#8221; link=&#8221;url:https%3A%2F%2Fceadalivium.com%2Fen%2Fschedule-an-appointment%2Fronald-alexander-ayala-ospina%2F|&#8221;][\/vc_column][\/vc_row][vc_row][vc_column][vc_empty_space height=&#8221;64px&#8221;][\/vc_column][\/vc_row][vc_row][vc_column width=&#8221;1\/3&#8243;][vc_single_image image=&#8221;4261&#8243; img_size=&#8221;571&#215;571&#8243; alignment=&#8221;center&#8221;]<div id=\"ultimate-heading-227169d616fd5464f\" class=\"uvc-heading ult-adjust-bottom-margin ultimate-heading-227169d616fd5464f uvc-3199 \" data-hspacer=\"no_spacer\"  data-halign=\"center\" style=\"text-align:center\"><div class=\"uvc-heading-spacer no_spacer\" style=\"top\"><\/div><div class=\"uvc-main-heading ult-responsive\"  data-ultimate-target='.uvc-heading.ultimate-heading-227169d616fd5464f h2'  data-responsive-json-new='{\"font-size\":\"desktop:20px;\",\"line-height\":\"desktop:30px;\"}' ><h2 style=\"font-weight:bold;\">Jorge Armando G\u00f3mez Amado<\/h2><\/div><div class=\"uvc-sub-heading ult-responsive\"  data-ultimate-target='.uvc-heading.ultimate-heading-227169d616fd5464f .uvc-sub-heading '  data-responsive-json-new='{\"font-size\":\"desktop:14px;\",\"line-height\":\"desktop:24px;\"}'  style=\"font-weight:normal;\">Medical Specialist in Anesthesiology<\/div><\/div>[vc_empty_space][vc_btn title=&#8221;See More&#8221; color=&#8221;primary&#8221; size=&#8221;sm&#8221; align=&#8221;center&#8221; css=&#8221;&#8221; link=&#8221;url:https%3A%2F%2Fceadalivium.com%2Fen%2Fschedule-an-appointment%2Fjorge-armando-gomez-amado%2F|&#8221;][\/vc_column][vc_column][\/vc_column][\/vc_row]<\/p>\n<\/div>","protected":false},"excerpt":{"rendered":"<p>[vc_row css=&#8221;.vc_custom_1686520441319{padding-top: -10px !important;padding-bottom: -10px !important;}&#8221;][vc_column width=&#8221;1\/3&#8243;][vc_single_image image=&#8221;4259&#8243; img_size=&#8221;571&#215;571&#8243; alignment=&#8221;center&#8221;][vc_empty_space height=&#8221;16px&#8221;][vc_btn title=&#8221;See More&#8221; color=&#8221;primary&#8221; size=&#8221;sm&#8221; align=&#8221;center&#8221; css=&#8221;&#8221; link=&#8221;url:https%3A%2F%2Fceadalivium.com%2Fen%2Fschedule-an-appointment%2Ffrantz-colimon-gomez%2F|&#8221;][\/vc_column][vc_column width=&#8221;1\/3&#8243;][vc_single_image image=&#8221;4260&#8243; img_size=&#8221;571&#215;571&#8243; alignment=&#8221;center&#8221;][vc_empty_space][vc_btn title=&#8221;See More&#8221; color=&#8221;primary&#8221; size=&#8221;sm&#8221; align=&#8221;center&#8221; css=&#8221;&#8221; link=&#8221;url:https%3A%2F%2Fceadalivium.com%2Fen%2Fschedule-an-appointment%2Fsandra-milena-molina-giraldo%2F|&#8221;][\/vc_column][vc_column width=&#8221;1\/3&#8243;][vc_single_image image=&#8221;4402&#8243; img_size=&#8221;571&#215;571&#8243; alignment=&#8221;center&#8221; css=&#8221;&#8221;][vc_empty_space][vc_btn title=&#8221;See More&#8221; color=&#8221;primary&#8221; size=&#8221;sm&#8221; align=&#8221;center&#8221; css=&#8221;&#8221; link=&#8221;url:https%3A%2F%2Fceadalivium.com%2Fen%2Fdr-jesus-david-miranda%2F|&#8221;][\/vc_column][\/vc_row][vc_row][vc_column][vc_empty_space height=&#8221;64px&#8221;][\/vc_column][\/vc_row][vc_row][vc_column width=&#8221;1\/3&#8243;][vc_single_image image=&#8221;5855&#8243; img_size=&#8221;571&#215;571&#8243; alignment=&#8221;center&#8221; css=&#8221;&#8221;][vc_empty_space height=&#8221;16px&#8221;][vc_btn title=&#8221;See More&#8221; color=&#8221;primary&#8221; size=&#8221;sm&#8221; align=&#8221;center&#8221; css=&#8221;&#8221; link=&#8221;url:https%3A%2F%2Fceadalivium.com%2Fen%2Fdr-erick-pena-perez%2F|&#8221;][\/vc_column][vc_column&hellip;<\/p>\n","protected":false},"author":234976288,"featured_media":0,"parent":0,"menu_order":0,"comment_status":"closed","ping_status":"closed","template":"","meta":{"_crdt_document":"","advanced_seo_description":"","jetpack_seo_html_title":"","jetpack_seo_noindex":false,"jetpack_post_was_ever_published":false,"_joinchat":[],"footnotes":""},"class_list":["post-4526","page","type-page","status-publish","hentry","description-off"],"jetpack_likes_enabled":true,"jetpack_sharing_enabled":true,"jetpack_shortlink":"https:\/\/wp.me\/PeNFox-1b0","jetpack-related-posts":[],"_links":{"self":[{"href":"https:\/\/ceadalivium.com\/en\/wp-json\/wp\/v2\/pages\/4526","targetHints":{"allow":["GET"]}}],"collection":[{"href":"https:\/\/ceadalivium.com\/en\/wp-json\/wp\/v2\/pages"}],"about":[{"href":"https:\/\/ceadalivium.com\/en\/wp-json\/wp\/v2\/types\/page"}],"author":[{"embeddable":true,"href":"https:\/\/ceadalivium.com\/en\/wp-json\/wp\/v2\/users\/234976288"}],"replies":[{"embeddable":true,"href":"https:\/\/ceadalivium.com\/en\/wp-json\/wp\/v2\/comments?post=4526"}],"version-history":[{"count":17,"href":"https:\/\/ceadalivium.com\/en\/wp-json\/wp\/v2\/pages\/4526\/revisions"}],"predecessor-version":[{"id":7426,"href":"https:\/\/ceadalivium.com\/en\/wp-json\/wp\/v2\/pages\/4526\/revisions\/7426"}],"wp:attachment":[{"href":"https:\/\/ceadalivium.com\/en\/wp-json\/wp\/v2\/media?parent=4526"}],"curies":[{"name":"wp","href":"https:\/\/api.w.org\/{rel}","templated":true}]}}